{"id":913,"date":"2018-05-22T13:50:31","date_gmt":"2018-05-22T11:50:31","guid":{"rendered":"http:\/\/www.raumkunst.biz\/?page_id=913"},"modified":"2025-08-14T11:46:15","modified_gmt":"2025-08-14T09:46:15","slug":"kulturelle-bildung","status":"publish","type":"page","link":"https:\/\/raumkunst.biz\/","title":{"rendered":"Projekte 2002-2021"},"content":{"rendered":"\n<div class=\"wp-block-group\"><div class=\"wp-block-group__inner-container is-layout-flow wp-block-group-is-layout-flow\">\n<p>&nbsp;<\/p>\nngg_shortcode_0_placeholder\n<p>&nbsp;<\/p>\n<p><strong>Freie Kunstprojekte<br><\/strong>Sugar Snap Paradise, mit Labsa e. V.<br>Echo &amp; Narzissen, mit Labsa e. V.<br>Variet\u00e9 mit Labsa e. V. im Rahmen vom Internationalen Filmfestival Dortmund\/K\u00f6ln<strong><br><\/strong>Artgaffa &amp; Friends, Maschinenhalle Zeche Scherlebeck, Herten<br>Fernw\u00e4rme, Kunst im \u00d6ffentlichen Raum, in Kooperation mit Silvia Liebig<br>Nightcrossing in Kooperation mit Marianne Puziger<\/p>\n<p><strong>Konzeptionen und Organisation von Ausstellung im Bereich Kultureller Bildung<br><\/strong><strong>2016,<\/strong><em><strong> Das Portrait<\/strong><\/em>, Jugendlichsein in 2016<br>Im Auftrag f\u00fcr Uzwei_Kulturelle Bildung, Dortmunder U: Was macht Jugendlichsein 2016 aus? Jugendliche \u201cerz\u00e4hlen\u201d in dieser Ausstellung selbst etwas \u00fcber sich in Fotos, Filmclips, Texten, Textilien und Sounds. (Projektleitung, Ausstellungsdesign- und Aufbau in Zusammenarbeit mit Claudia Wierz) 1. Preis, Kinder- und Jugendkulturland NRW<\/p>\n<p><strong>2015,&nbsp; <\/strong><em><strong>\u00dcber Sinne, <\/strong><\/em><em>Idee von<\/em> kontextmedien, Claudia Wierz.<br>Uzwei_Kulturelle Bildung, Dortmunder U: Sch\u00fclerinnen und Sch\u00fcler der Martin Bartels Schule f\u00fcr Sehbehinderte in Dortmund setzen sich in einw\u00f6chigen Workshops, begleitet von K\u00fcnstlerinnen und K\u00fcnstlern mit verschiedenen Kunstsparten auseinander und werden selbst kreativ. Es entstehen lebensgro\u00dfe Selfies, ein H\u00f6rspiel, Bilder aus Steinen, Fotografien, ein Rap, ein Musikvideo und Trickfilme. (Organisation, Leitung eines Workshops, Aufbau, Rahmenprogramm)<br>\u201eRauskommen! Der Jugendkunstschuleffekt\u201c ist der j\u00e4hrliche Innovationswettbewerb des Bundesverbands der Jugendkunstschulen und Kulturp\u00e4dagogischen Einrichtungen e.V. (bjke). &#8220;\u00dcber Sinne&#8221; gewinnt den 1. Preis.<br><strong><br><\/strong><strong>2014, <em>Wenn sich jemand k\u00fcmmert\u2026Kinder haben Rechte<\/em><em><br><\/em><\/strong>im Auftrag f\u00fcr Uzwei_Kulturelle Bildung, Dortmunder U:&nbsp; Eine Ausstellung mit Werken von Hermann van Veen und Dortmunder Kindern.<br>(Organisation, Aufbau)<\/p>\n<p><strong>2014, <\/strong><em><strong>Urban Movements 2<\/strong><\/em><br>Im Auftrag f\u00fcr Uzwei_Kulturelle Bildung, Dortmunder U: Eine Ausstellung \u00fcber Jugendkultur mit dem Schwerpunkt Musik, Mode, Moves. Unter Beteiligung zahlreicher lokaler Akteure. (Konzept, Organisation, Projektleitung, Er\u00f6ffnungs,- Workshop- und Veranstaltungsprogramm)<\/p>\n<p><strong>2012-17, <\/strong><em><strong>BIG SPOT<\/strong><\/em><strong><em><br><\/em><\/strong>Im Auftrag f\u00fcr Uzwei_Kulturelle Bildung, Dortmunder U: J\u00e4hrliche Pr\u00e4sentation der Ergebnisse aus dem Landesprogramm NRW Kultur und Schule. Ein Schuljahr lang wird dabei in Projekten mit unterschiedlichen k\u00fcnstlerischen Ausrichtungen und unter Anleitung von K\u00fcnstlerinnen und K\u00fcnstlern entworfen, gebaut, gefilmt, Theater gespielt, musiziert, gesungen und getanzt. Auf der Uzwei wurden die Ergebnisse der bildenden Kunstprojekte gezeigt.<br>(Organisation, Aufbau, Er\u00f6ffnungsprogramm)<\/p>\n<p><strong>2012\/13, <em>1,2,3\u202610\u202614<\/em><\/strong><em><br>Im Auftrag f\u00fcr Uzwei_Kulturelle Bildung, Dortmunder U: D<\/em>ie Ausstellung zeigt Ergebnisse aus den Projekten, die im Jahr 2012 im Rahmen des Landesprogramms Kulturrucksack NRW in Dortmund stattgefunden haben. (Projektleitung, Er\u00f6ffnungs- und Workshopprogramm)<\/p>\n<p><strong>2012, <em>my city my view<\/em><\/strong><em><br>Im Auftrag f\u00fcr Uzwei_Kulturelle Bildung, Dortmunder U:<br><\/em>Fotoausstellung von Jugendlichen aus Europa, zum 25-J\u00e4hrigen Bestehen von EUROCITIES.<br>(Ausstellungsaufbau)<\/p>\n<p><strong>2012, <\/strong><em><strong>Urban Movements<\/strong><\/em><br>Im Auftrag f\u00fcr Uzwei_Kulturelle Bildung, Dortmunder U: Konzept und Organisation einer Ausstellung \u00fcber Jugendkultur mit dem Schwerpunkt Urban Sports und Urban Street Arts. Unter Beteiligung zahlreicher lokaler Akteure. (Konzept, Organisation, Projektleitung, Er\u00f6ffnungs,- Workshop- und Veranstaltungsprogramm in Kooperation mit FH-Dortmund, Martin Schonhoff))<\/p>\n<p><strong>2011\/13\/15 <\/strong><em><strong>K\u00fcnste in der Kita<\/strong><\/em><br>Im Auftrag f\u00fcr Uzwei_Kulturelle Bildung, Dortmunder U: Pr\u00e4sentation der Ergebnisse aus dem F\u00f6rderprogramm des Kulturb\u00fcros der Stadt Dortmund, Kulturelle Bildung im Vorschulalter, 12 Dortmunder K\u00fcnstler\/Innen besuchen Dortmund Kindertagesst\u00e4tten und setzen zusammen mit Vorschulkindern k\u00fcnstlerische Projekte um.<br>Malerei, Fotografie, Objekte, Film. (Konzept, Aufbau, Er\u00f6ffnungsprogramm)<\/p>\n<p><strong>2010, <\/strong><em><strong>Pr\u00e4sentation der Ergebnisse \u201cYouth_international\u201d<\/strong><\/em><br>In Kooperation mit Stefan Promnik, Maschinenhalle Zeche Scherlebeck, Herten: TWINS, Leitprojekt der Kulturhauptstadt Ruhr 2010, mit einer Musikperformance von 45 gallery aus Essen. (Konzept und Umsetzung)<\/p>\n<p>&nbsp;<\/p>\n<\/div><\/div>\n","protected":false},"excerpt":{"rendered":"<p>&nbsp; &nbsp; Freie KunstprojekteSugar Snap Paradise, mit Labsa e. V.Echo &amp; Narzissen, mit Labsa e. V.Variet\u00e9 mit Labsa e. V. im Rahmen vom Internationalen Filmfestival Dortmund\/K\u00f6lnArtgaffa &amp; Friends, Maschinenhalle Zeche Scherlebeck, HertenFernw\u00e4rme, Kunst im \u00d6ffentlichen Raum, in Kooperation mit Silvia LiebigNightcrossing in Kooperation mit Marianne Puziger Konzeptionen und Organisation von Ausstellung im Bereich Kultureller Bildung2016, &hellip; <a href=\"https:\/\/raumkunst.biz\/\" class=\"more-link\">Continue reading <span class=\"screen-reader-text\">Projekte 2002-2021<\/span> <span class=\"meta-nav\">&rarr;<\/span><\/a><\/p>\n","protected":false},"author":2,"featured_media":0,"parent":0,"menu_order":0,"comment_status":"closed","ping_status":"closed","template":"","meta":{"ngg_post_thumbnail":0,"footnotes":""},"class_list":["post-913","page","type-page","status-publish","hentry"],"_links":{"self":[{"href":"https:\/\/raumkunst.biz\/index.php?rest_route=\/wp\/v2\/pages\/913","targetHints":{"allow":["GET"]}}],"collection":[{"href":"https:\/\/raumkunst.biz\/index.php?rest_route=\/wp\/v2\/pages"}],"about":[{"href":"https:\/\/raumkunst.biz\/index.php?rest_route=\/wp\/v2\/types\/page"}],"author":[{"embeddable":true,"href":"https:\/\/raumkunst.biz\/index.php?rest_route=\/wp\/v2\/users\/2"}],"replies":[{"embeddable":true,"href":"https:\/\/raumkunst.biz\/index.php?rest_route=%2Fwp%2Fv2%2Fcomments&post=913"}],"version-history":[{"count":22,"href":"https:\/\/raumkunst.biz\/index.php?rest_route=\/wp\/v2\/pages\/913\/revisions"}],"predecessor-version":[{"id":1191,"href":"https:\/\/raumkunst.biz\/index.php?rest_route=\/wp\/v2\/pages\/913\/revisions\/1191"}],"wp:attachment":[{"href":"https:\/\/raumkunst.biz\/index.php?rest_route=%2Fwp%2Fv2%2Fmedia&parent=913"}],"curies":[{"name":"wp","href":"https:\/\/api.w.org\/{rel}","templated":true}]}}